{"id":3792,"date":"2025-08-10T18:53:52","date_gmt":"2025-08-10T16:53:52","guid":{"rendered":"https:\/\/flhphotographe.fr\/?page_id=3792"},"modified":"2025-08-10T18:59:15","modified_gmt":"2025-08-10T16:59:15","slug":"contact","status":"publish","type":"page","link":"http:\/\/flhphotographe.fr\/?page_id=3792","title":{"rendered":"CONTACT"},"content":{"rendered":"<div  class=\"tatsu-HkWoDvBUuge tatsu-section  tatsu-bg-overlay  tatsu-animate tatsu-clearfix\" data-title=\"\" data-animation=\"slideInDown\"  data-animation-duration=\"3000\" data-headerscheme=\"background--dark\"><div class='tatsu-section-pad clearfix' data-padding='{\"d\":\"90px 0px 0px 0px\"}' data-padding-top='90px'><div class=\"tatsu-row-wrap  tatsu-wrap tatsu-row-one-col tatsu-row-has-one-cols tatsu-medium-gutter tatsu-reg-cols  tatsu-clearfix tatsu-HyliwDBIOxe\" ><div  class=\"tatsu-row \" ><div  class=\"tatsu-column  tatsu-bg-overlay tatsu-one-col tatsu-column-image-none tatsu-column-effect-none  tatsu-HJsDPBLOge\"  data-parallax-speed=\"0\" style=\"\"><div class=\"tatsu-column-inner \" ><div class=\"tatsu-column-pad-wrap\"><div class=\"tatsu-column-pad\" ><div  class=\"tatsu-module tatsu-text-block-wrap tatsu-BJvpPHUOee  \"><div class=\"tatsu-text-inner tatsu-align-center  clearfix\" ><style>.tatsu-BJvpPHUOee.tatsu-text-block-wrap .tatsu-text-inner{width: 100%;text-align: left;color: rgba(255,255,255,1) ;}.tatsu-BJvpPHUOee .tatsu-text-inner *{color: rgba(255,255,255,1) ;}.tatsu-BJvpPHUOee.tatsu-text-block-wrap .tatsu-text-inner *{font-family : Arial, Helvetica, sans-serif;}<\/style>\n<p data-start=\"73\" data-end=\"264\"><strong data-start=\"73\" data-end=\"218\">Pour nous contacter, envoyez-nous un mail \u00e0 flhphotographe@gmail.com avec vos demandes, partout en Europe.<\/strong><br data-start=\"218\" data-end=\"221\" \/>Nous capturons l\u2019essentiel avec passion :<\/p>\n<ul data-start=\"265\" data-end=\"484\">\n<li data-start=\"265\" data-end=\"300\">\n<p data-start=\"267\" data-end=\"300\">Mariages, naissances, portraits<\/p>\n<\/li>\n<li data-start=\"301\" data-end=\"351\">\n<p data-start=\"303\" data-end=\"351\">Soir\u00e9es et festivals, o\u00f9 chaque instant compte<\/p>\n<\/li>\n<li data-start=\"352\" data-end=\"416\">\n<p data-start=\"354\" data-end=\"416\">Mise en avant produit et publicit\u00e9, pour booster votre image<\/p>\n<\/li>\n<li data-start=\"417\" data-end=\"484\">\n<p data-start=\"419\" data-end=\"484\">Vente sur commande de produits exclusifs de notre propre marque<\/p>\n<\/li>\n<\/ul>\n<p data-start=\"486\" data-end=\"605\">Un projet ? Une id\u00e9e ? Parlons-en !<br data-start=\"521\" data-end=\"524\" \/><strong data-start=\"524\" data-end=\"563\">Suivez-nous sur les r\u00e9seaux sociaux<\/strong> pour d\u00e9couvrir nos derni\u00e8res cr\u00e9ations.<\/p>\n<p data-start=\"626\" data-end=\"807\"><strong data-start=\"626\" data-end=\"766\">To get in touch, send us an email at <a class=\"cursor-pointer\" href=\"mailto:flhphotographe@gmail.com\" rel=\"noopener\" data-start=\"665\" data-end=\"724\">flhphotographe@gmail.com<\/a> with your requests, anywhere in Europe.<\/strong><br data-start=\"766\" data-end=\"769\" \/>We capture the essence with passion:<\/p>\n<ul data-start=\"808\" data-end=\"1013\">\n<li data-start=\"808\" data-end=\"841\">\n<p data-start=\"810\" data-end=\"841\">Weddings, newborns, portraits<\/p>\n<\/li>\n<li data-start=\"842\" data-end=\"894\">\n<p data-start=\"844\" data-end=\"894\">Events and festivals, where every moment matters<\/p>\n<\/li>\n<li data-start=\"895\" data-end=\"954\">\n<p data-start=\"897\" data-end=\"954\">Product promotion and advertising to elevate your brand<\/p>\n<\/li>\n<li data-start=\"955\" data-end=\"1013\">\n<p data-start=\"957\" data-end=\"1013\">Custom orders of exclusive products from our own brand<\/p>\n<\/li>\n<\/ul>\n<p data-start=\"1015\" data-end=\"1107\">Got a project or idea? Let\u2019s talk!<br data-start=\"1049\" data-end=\"1052\" \/><strong data-start=\"1052\" data-end=\"1081\">Follow us on social media<\/strong> to see our latest work.<\/p>\n<p data-start=\"1015\" data-end=\"1107\"><img loading=\"lazy\" decoding=\"async\" class=\"alignnone size-thumbnail wp-image-3438\" src=\"http:\/\/flhphotographe.fr\/wp-content\/uploads\/2025\/08\/JPGFACEBOOKFLH-200x200.jpg\" alt=\"\" width=\"200\" height=\"200\" srcset=\"http:\/\/flhphotographe.fr\/wp-content\/uploads\/2025\/08\/JPGFACEBOOKFLH-200x200.jpg 200w, http:\/\/flhphotographe.fr\/wp-content\/uploads\/2025\/08\/JPGFACEBOOKFLH-400x400.jpg 400w, http:\/\/flhphotographe.fr\/wp-content\/uploads\/2025\/08\/JPGFACEBOOKFLH-600x600.jpg 600w, http:\/\/flhphotographe.fr\/wp-content\/uploads\/2025\/08\/JPGFACEBOOKFLH-768x768.jpg 768w, http:\/\/flhphotographe.fr\/wp-content\/uploads\/2025\/08\/JPGFACEBOOKFLH-1536x1536.jpg 1536w, http:\/\/flhphotographe.fr\/wp-content\/uploads\/2025\/08\/JPGFACEBOOKFLH-2048x2048.jpg 2048w, http:\/\/flhphotographe.fr\/wp-content\/uploads\/2025\/08\/JPGFACEBOOKFLH-50x50.jpg 50w, http:\/\/flhphotographe.fr\/wp-content\/uploads\/2025\/08\/JPGFACEBOOKFLH-650x650.jpg 650w, http:\/\/flhphotographe.fr\/wp-content\/uploads\/2025\/08\/JPGFACEBOOKFLH-1000x1000.jpg 1000w, http:\/\/flhphotographe.fr\/wp-content\/uploads\/2025\/08\/JPGFACEBOOKFLH-1250x1250.jpg 1250w\" sizes=\"auto, (max-width: 200px) 100vw, 200px\" \/><\/p>\n<\/div><\/div><\/div><\/div><div class = \"tatsu-column-bg-image-wrap\"><div class = \"tatsu-column-bg-image\" ><\/div><\/div><div class=\"tatsu-overlay tatsu-column-overlay tatsu-animate-none\" ><\/div><\/div><style>.tatsu-row > .tatsu-HJsDPBLOge.tatsu-column{width: 100%;}.tatsu-HJsDPBLOge.tatsu-column > .tatsu-column-inner > .tatsu-column-overlay{mix-blend-mode: normal;}.tatsu-HJsDPBLOge > .tatsu-column-inner > .tatsu-top-divider{z-index: 9999;}.tatsu-HJsDPBLOge > .tatsu-column-inner > .tatsu-bottom-divider{z-index: 9999;}.tatsu-HJsDPBLOge > .tatsu-column-inner > .tatsu-left-divider{z-index: 9999;}.tatsu-HJsDPBLOge > .tatsu-column-inner > .tatsu-right-divider{z-index: 9999;}@media only screen and (max-width:1377px) {.tatsu-row > .tatsu-HJsDPBLOge.tatsu-column{width: 100%;}}@media only screen and (min-width:768px) and (max-width: 1024px) {.tatsu-row > .tatsu-HJsDPBLOge.tatsu-column{width: 100%;}}@media only screen and (max-width: 767px) {.tatsu-row > .tatsu-HJsDPBLOge.tatsu-column{width: 100%;}}<\/style><\/div><\/div><\/div><\/div><div class=\"tatsu-section-background-wrap\"><div class = \"tatsu-section-background\" ><\/div><\/div><div class=\"tatsu-overlay tatsu-section-overlay\"><\/div><style>.tatsu-HkWoDvBUuge.tatsu-section{background-color: rgba(0,0,0,1);}.tatsu-HkWoDvBUuge .tatsu-section-pad{padding: 90px 0px 0px 0px;}.tatsu-HkWoDvBUuge .tatsu-section-offset-wrap{transform: translateY(-0px);}.tatsu-HkWoDvBUuge > .tatsu-bottom-divider{z-index: 9999;}.tatsu-HkWoDvBUuge > .tatsu-top-divider{z-index: 9999;}.tatsu-HkWoDvBUuge .tatsu-section-overlay{mix-blend-mode: normal;}<\/style><\/div><div  class=\"tatsu-ByWjpoBLugx tatsu-section  tatsu-bg-overlay  tatsu-animate tatsu-clearfix\" data-title=\"\" data-animation=\"fadeInDownBig\"  data-animation-duration=\"419\" data-headerscheme=\"background--dark\"><div class='tatsu-section-pad clearfix' data-padding='{\"d\":\"8px 0px 27px 0px\"}' data-padding-top='8px'><div class=\"tatsu-row-wrap  tatsu-wrap tatsu-row-has-one-half tatsu-row-has-two-cols tatsu-medium-gutter tatsu-reg-cols  tatsu-clearfix tatsu-BygjpsS8Ogx\" ><div  class=\"tatsu-row \" ><div  class=\"tatsu-column  tatsu-bg-overlay tatsu-one-half tatsu-column-image-none tatsu-column-effect-none  tatsu-Byd5aHU_lx\"  data-parallax-speed=\"0\" style=\"\"><div class=\"tatsu-column-inner \" ><div class=\"tatsu-column-pad-wrap\"><div class=\"tatsu-column-pad\" ><div  class=\"tatsu-module tatsu-normal-button tatsu-button-wrap   tatsu-Sk-u2SI_lg   \"><a class=\"tatsu-shortcode mediumbtn tatsu-button left-icon rounded   bg-animation-none  \" href=\"https:\/\/www.facebook.com\/FLHphotographe\/\" style= \"\"  aria-label=\"FACEBOOK\" data-gdpr-atts={} target=\"_blank\">FACEBOOK<\/a><style>.tatsu-Sk-u2SI_lg .tatsu-button{background-color: rgba(74,144,226,1);color: #ffffff ;}<\/style><\/div><\/div><\/div><div class = \"tatsu-column-bg-image-wrap\"><div class = \"tatsu-column-bg-image\" ><\/div><\/div><div class=\"tatsu-overlay tatsu-column-overlay tatsu-animate-none\" ><\/div><\/div><style>.tatsu-row > .tatsu-Byd5aHU_lx.tatsu-column{width: 50%;}.tatsu-Byd5aHU_lx.tatsu-column > .tatsu-column-inner > .tatsu-column-overlay{mix-blend-mode: normal;}.tatsu-Byd5aHU_lx > .tatsu-column-inner > .tatsu-top-divider{z-index: 9999;}.tatsu-Byd5aHU_lx > .tatsu-column-inner > .tatsu-bottom-divider{z-index: 9999;}.tatsu-Byd5aHU_lx > .tatsu-column-inner > .tatsu-left-divider{z-index: 9999;}.tatsu-Byd5aHU_lx > .tatsu-column-inner > .tatsu-right-divider{z-index: 9999;}@media only screen and (max-width:1377px) {.tatsu-row > .tatsu-Byd5aHU_lx.tatsu-column{width: 50%;}}@media only screen and (min-width:768px) and (max-width: 1024px) {.tatsu-row > .tatsu-Byd5aHU_lx.tatsu-column{width: 50%;}}@media only screen and (max-width: 767px) {.tatsu-row > .tatsu-Byd5aHU_lx.tatsu-column{width: 100%;}}<\/style><\/div><div  class=\"tatsu-column  tatsu-bg-overlay tatsu-one-half tatsu-column-image-none tatsu-column-effect-none  tatsu-HygO56BUdxg\"  data-parallax-speed=\"0\" style=\"\"><div class=\"tatsu-column-inner \" ><div class=\"tatsu-column-pad-wrap\"><div class=\"tatsu-column-pad\" ><div  class=\"tatsu-module tatsu-normal-button tatsu-button-wrap   tatsu-By8_3BUdel   \"><a class=\"tatsu-shortcode mediumbtn tatsu-button left-icon    bg-animation-none  \" href=\"https:\/\/www.instagram.com\/flhphotographe\/\" style= \"\"  aria-label=\"INSTAGRAM\" data-gdpr-atts={} target=\"_blank\">INSTAGRAM<\/a><style>.tatsu-By8_3BUdel .tatsu-button{background-color: rgba(199,46,219,1);color: #ffffff ;}<\/style><\/div><\/div><\/div><div class = \"tatsu-column-bg-image-wrap\"><div class = \"tatsu-column-bg-image\" ><\/div><\/div><div class=\"tatsu-overlay tatsu-column-overlay tatsu-animate-none\" ><\/div><\/div><style>.tatsu-row > .tatsu-HygO56BUdxg.tatsu-column{width: 50%;}.tatsu-HygO56BUdxg.tatsu-column > .tatsu-column-inner > .tatsu-column-overlay{mix-blend-mode: normal;}.tatsu-HygO56BUdxg > .tatsu-column-inner > .tatsu-top-divider{z-index: 9999;}.tatsu-HygO56BUdxg > .tatsu-column-inner > .tatsu-bottom-divider{z-index: 9999;}.tatsu-HygO56BUdxg > .tatsu-column-inner > .tatsu-left-divider{z-index: 9999;}.tatsu-HygO56BUdxg > .tatsu-column-inner > .tatsu-right-divider{z-index: 9999;}@media only screen and (max-width:1377px) {.tatsu-row > .tatsu-HygO56BUdxg.tatsu-column{width: 50%;}}@media only screen and (min-width:768px) and (max-width: 1024px) {.tatsu-row > .tatsu-HygO56BUdxg.tatsu-column{width: 50%;}}@media only screen and (max-width: 767px) {.tatsu-row > .tatsu-HygO56BUdxg.tatsu-column{width: 100%;}}<\/style><\/div><\/div><\/div><\/div><div class=\"tatsu-section-background-wrap\"><div class = \"tatsu-section-background\" ><\/div><\/div><div class=\"tatsu-overlay tatsu-section-overlay\"><\/div><style>.tatsu-ByWjpoBLugx.tatsu-section{background-color: rgba(0,0,0,1);}.tatsu-ByWjpoBLugx .tatsu-section-pad{padding: 8px 0px 27px 0px;}.tatsu-ByWjpoBLugx .tatsu-section-offset-wrap{transform: translateY(-0px);}.tatsu-ByWjpoBLugx > .tatsu-bottom-divider{z-index: 9999;}.tatsu-ByWjpoBLugx > .tatsu-top-divider{z-index: 9999;}.tatsu-ByWjpoBLugx .tatsu-section-overlay{background: rgba(0,0,0,1);mix-blend-mode: normal;}<\/style><\/div>\n","protected":false},"excerpt":{"rendered":"<p><a href=\"http:\/\/flhphotographe.fr\/?page_id=3792\" class=\"more-link style3-button\">Read More<\/a><\/p>","protected":false},"author":1,"featured_media":0,"parent":0,"menu_order":0,"comment_status":"closed","ping_status":"closed","template":"","meta":{"_themeisle_gutenberg_block_has_review":false,"footnotes":""},"class_list":["post-3792","page","type-page","status-publish","hentry"],"_links":{"self":[{"href":"http:\/\/flhphotographe.fr\/index.php?rest_route=\/wp\/v2\/pages\/3792","targetHints":{"allow":["GET"]}}],"collection":[{"href":"http:\/\/flhphotographe.fr\/index.php?rest_route=\/wp\/v2\/pages"}],"about":[{"href":"http:\/\/flhphotographe.fr\/index.php?rest_route=\/wp\/v2\/types\/page"}],"author":[{"embeddable":true,"href":"http:\/\/flhphotographe.fr\/index.php?rest_route=\/wp\/v2\/users\/1"}],"replies":[{"embeddable":true,"href":"http:\/\/flhphotographe.fr\/index.php?rest_route=%2Fwp%2Fv2%2Fcomments&post=3792"}],"version-history":[{"count":20,"href":"http:\/\/flhphotographe.fr\/index.php?rest_route=\/wp\/v2\/pages\/3792\/revisions"}],"predecessor-version":[{"id":3815,"href":"http:\/\/flhphotographe.fr\/index.php?rest_route=\/wp\/v2\/pages\/3792\/revisions\/3815"}],"wp:attachment":[{"href":"http:\/\/flhphotographe.fr\/index.php?rest_route=%2Fwp%2Fv2%2Fmedia&parent=3792"}],"curies":[{"name":"wp","href":"https:\/\/api.w.org\/{rel}","templated":true}]}}